{"id":69,"date":"2023-06-04T02:57:16","date_gmt":"2023-06-04T02:57:16","guid":{"rendered":"https:\/\/coojubol.com.co\/?page_id=69"},"modified":"2024-06-08T19:53:41","modified_gmt":"2024-06-08T19:53:41","slug":"contacto","status":"publish","type":"page","link":"https:\/\/coojubol.com.co\/index.php\/contacto\/","title":{"rendered":"Contacto"},"content":{"rendered":"\n<figure class=\"wp-block-image alignright size-full is-resized\"><img loading=\"lazy\" decoding=\"async\" src=\"https:\/\/coojubol.com.co\/wp-content\/uploads\/2024\/06\/Imagen-2.png\" alt=\"\" class=\"wp-image-292\" width=\"462\" height=\"293\" srcset=\"https:\/\/coojubol.com.co\/wp-content\/uploads\/2024\/06\/Imagen-2.png 552w, https:\/\/coojubol.com.co\/wp-content\/uploads\/2024\/06\/Imagen-2-300x190.png 300w\" sizes=\"(max-width: 462px) 100vw, 462px\" \/><\/figure>\n\n\n\n<p><strong>Direcci\u00f3n: <\/strong>  <\/p>\n\n\n\n<ul>\n<li>Cl 35 8-06 P-7 - Matuna Edif Suramericana Cartagena - Bol\u00edvar.<\/li>\n<\/ul>\n\n\n\n<p><strong>Tel\u00e9fono de contacto:  <\/strong><\/p>\n\n\n\n<ul>\n<li><a href=\"tel:+576056642586\">(+57) 605 6642586<\/a><\/li>\n\n\n\n<li><a href=\"tel:+576056648252\">(+57) 605 6648252<\/a><\/li>\n<\/ul>\n\n\n\n<p><strong>Email: <\/strong><\/p>\n\n\n\n<ul>\n<li>coojubol28@gmail.com <\/li>\n<\/ul>\n\n\n\n<p><strong>Ubicaci\u00f3n:<\/strong><\/p>\n\n\n\n<iframe src=\"https:\/\/www.google.com\/maps\/embed?pb=!1m18!1m12!1m3!1d245.24856027992863!2d-75.5482644625148!3d10.423402488788755!2m3!1f0!2f0!3f0!3m2!1i1024!2i768!4f13.1!3m3!1m2!1s0x8ef62f9e58b44a9f%3A0x7eb04b47dbdbf53d!2sEdificio%20Suramericana!5e0!3m2!1ses!2sco!4v1685855698230!5m2!1ses!2sco\" width=\"1200\" height=\"450\" style=\"border:0;\" allowfullscreen=\"\" loading=\"lazy\" referrerpolicy=\"no-referrer-when-downgrade\"><\/iframe>\n","protected":false},"excerpt":{"rendered":"<p>Direcci\u00f3n: Tel\u00e9fono de contacto: Email: Ubicaci\u00f3n:<\/p>\n","protected":false},"author":1,"featured_media":0,"parent":0,"menu_order":0,"comment_status":"closed","ping_status":"closed","template":"","meta":{"footnotes":""},"_links":{"self":[{"href":"https:\/\/coojubol.com.co\/index.php\/wp-json\/wp\/v2\/pages\/69"}],"collection":[{"href":"https:\/\/coojubol.com.co\/index.php\/wp-json\/wp\/v2\/pages"}],"about":[{"href":"https:\/\/coojubol.com.co\/index.php\/wp-json\/wp\/v2\/types\/page"}],"author":[{"embeddable":true,"href":"https:\/\/coojubol.com.co\/index.php\/wp-json\/wp\/v2\/users\/1"}],"replies":[{"embeddable":true,"href":"https:\/\/coojubol.com.co\/index.php\/wp-json\/wp\/v2\/comments?post=69"}],"version-history":[{"count":9,"href":"https:\/\/coojubol.com.co\/index.php\/wp-json\/wp\/v2\/pages\/69\/revisions"}],"predecessor-version":[{"id":311,"href":"https:\/\/coojubol.com.co\/index.php\/wp-json\/wp\/v2\/pages\/69\/revisions\/311"}],"wp:attachment":[{"href":"https:\/\/coojubol.com.co\/index.php\/wp-json\/wp\/v2\/media?parent=69"}],"curies":[{"name":"wp","href":"https:\/\/api.w.org\/{rel}","templated":true}]}}