{"id":66,"date":"2023-06-04T02:56:52","date_gmt":"2023-06-04T02:56:52","guid":{"rendered":"https:\/\/coojubol.com.co\/?page_id=66"},"modified":"2024-06-20T15:22:45","modified_gmt":"2024-06-20T15:22:45","slug":"nosotros","status":"publish","type":"page","link":"https:\/\/coojubol.com.co\/index.php\/nosotros\/","title":{"rendered":"Nosotros"},"content":{"rendered":"\n<figure class=\"wp-block-image alignright size-large is-resized has-custom-border is-style-default wp-duotone-unset-1\"><img loading=\"lazy\" decoding=\"async\" src=\"https:\/\/coojubol.com.co\/wp-content\/uploads\/2024\/06\/Captura-de-pantalla-2024-06-20-a-las-10.21.52\u202fa.-m-1024x691.png\" alt=\"\" class=\"wp-image-321\" style=\"border-radius:50px\" width=\"453\" height=\"306\" srcset=\"https:\/\/coojubol.com.co\/wp-content\/uploads\/2024\/06\/Captura-de-pantalla-2024-06-20-a-las-10.21.52\u202fa.-m-1024x691.png 1024w, https:\/\/coojubol.com.co\/wp-content\/uploads\/2024\/06\/Captura-de-pantalla-2024-06-20-a-las-10.21.52\u202fa.-m-300x202.png 300w, https:\/\/coojubol.com.co\/wp-content\/uploads\/2024\/06\/Captura-de-pantalla-2024-06-20-a-las-10.21.52\u202fa.-m-768x518.png 768w, https:\/\/coojubol.com.co\/wp-content\/uploads\/2024\/06\/Captura-de-pantalla-2024-06-20-a-las-10.21.52\u202fa.-m.png 1254w\" sizes=\"(max-width: 453px) 100vw, 453px\" \/><\/figure>\n\n\n\n<p><strong>MISI\u00d3N<\/strong><\/p>\n\n\n\n<p>Desarrollar actividades encaminadas a mejorar la calidad de vida de los asociados y sus beneficiarios, a trav\u00e9s de bienes y servicios crediticios y sociales de \u00f3ptima calidad, dentro del marco legal vigente y guardando siempre el equilibrio econ\u00f3mico, personal, familiar y social.<\/p>\n\n\n\n<p><strong>VISI\u00d3N <\/strong><\/p>\n\n\n\n<p>Contribuir permanentemente en la b\u00fasqueda de la independencia social y econ\u00f3mica de los asociados jubilados y pensionados administrativos en el departamento de Bol\u00edvar, sus beneficiarios y las comunidades donde se desenvuelven, dentro de un esquema de gesti\u00f3n cooperativa, democr\u00e1tica y solidaria.<\/p>\n\n\n\n<p><strong>VALORES<\/strong><\/p>\n\n\n\n<ul>\n<li>Ayuda mutua en todos los aspectos y niveles del acuerdo cooperativo.<\/li>\n\n\n\n<li>Equidad en la prestaci\u00f3n de los servicios y distribuci\u00f3n de los beneficios.<\/li>\n\n\n\n<li>Transparencia en la toma de decisiones en los diferentes niveles administrativos de control.<\/li>\n\n\n\n<li>Solidaridad en b\u00fasqueda de contribuir a la soluci\u00f3n de las necesidades de los asociados y sus beneficiarios<\/li>\n\n\n\n<li>Respeto por la vida en todas sus manifestaciones<\/li>\n\n\n\n<li>\u00c9tica e integridad en todas nuestras actuaciones<\/li>\n\n\n\n<li>Crecimiento y desarrollo de las personas mediante una actitud de aprendizaje continuo. Competitividad basada en la satisfacci\u00f3n de los asociados<\/li>\n<\/ul>\n","protected":false},"excerpt":{"rendered":"<p>MISI\u00d3N Desarrollar actividades encaminadas a mejorar la calidad de vida de los asociados y sus beneficiarios, a trav\u00e9s de bienes y servicios crediticios y sociales de \u00f3ptima calidad, dentro del marco legal vigente y guardando siempre el equilibrio econ\u00f3mico, personal, familiar y social. VISI\u00d3N Contribuir permanentemente en la b\u00fasqueda de la independencia social y econ\u00f3mica [&hellip;]<\/p>\n","protected":false},"author":1,"featured_media":0,"parent":0,"menu_order":0,"comment_status":"closed","ping_status":"closed","template":"","meta":{"footnotes":""},"_links":{"self":[{"href":"https:\/\/coojubol.com.co\/index.php\/wp-json\/wp\/v2\/pages\/66"}],"collection":[{"href":"https:\/\/coojubol.com.co\/index.php\/wp-json\/wp\/v2\/pages"}],"about":[{"href":"https:\/\/coojubol.com.co\/index.php\/wp-json\/wp\/v2\/types\/page"}],"author":[{"embeddable":true,"href":"https:\/\/coojubol.com.co\/index.php\/wp-json\/wp\/v2\/users\/1"}],"replies":[{"embeddable":true,"href":"https:\/\/coojubol.com.co\/index.php\/wp-json\/wp\/v2\/comments?post=66"}],"version-history":[{"count":18,"href":"https:\/\/coojubol.com.co\/index.php\/wp-json\/wp\/v2\/pages\/66\/revisions"}],"predecessor-version":[{"id":324,"href":"https:\/\/coojubol.com.co\/index.php\/wp-json\/wp\/v2\/pages\/66\/revisions\/324"}],"wp:attachment":[{"href":"https:\/\/coojubol.com.co\/index.php\/wp-json\/wp\/v2\/media?parent=66"}],"curies":[{"name":"wp","href":"https:\/\/api.w.org\/{rel}","templated":true}]}}