{"id":63,"date":"2023-06-04T02:55:38","date_gmt":"2023-06-04T02:55:38","guid":{"rendered":"https:\/\/coojubol.com.co\/?page_id=63"},"modified":"2025-06-11T04:10:38","modified_gmt":"2025-06-11T04:10:38","slug":"documentos","status":"publish","type":"page","link":"https:\/\/coojubol.com.co\/index.php\/documentos\/","title":{"rendered":"Documentos"},"content":{"rendered":"\n<p>Los siguientes documentos se pueden ver o descargar en formato pdf, y estan puesto para su revisi\u00f3n por parte de las autoridades gubernamentales como lo es la DIAN y tambi\u00e9n para los asociados o cooperados:<\/p>\n\n\n\n<div class=\"wp-block-columns is-layout-flex wp-container-core-columns-is-layout-1 wp-block-columns-is-layout-flex\">\n<div class=\"wp-block-column is-layout-flow wp-block-column-is-layout-flow\">\n<figure class=\"wp-block-image aligncenter size-full is-resized\"><a href=\"https:\/\/coojubol.com.co\/index.php\/declaracion-de-renta-2022\/\"><img loading=\"lazy\" decoding=\"async\" width=\"898\" height=\"1024\" src=\"https:\/\/coojubol.com.co\/wp-content\/uploads\/2023\/06\/pdf.png\" alt=\"\" class=\"wp-image-127\" style=\"width:70px;height:80px\" srcset=\"https:\/\/coojubol.com.co\/wp-content\/uploads\/2023\/06\/pdf.png 898w, https:\/\/coojubol.com.co\/wp-content\/uploads\/2023\/06\/pdf-263x300.png 263w, https:\/\/coojubol.com.co\/wp-content\/uploads\/2023\/06\/pdf-768x876.png 768w\" sizes=\"(max-width: 898px) 100vw, 898px\" \/><\/a><\/figure>\n\n\n\n<p class=\"has-text-align-center has-small-font-size\">Declaraci\u00f3n de renta 2024<\/p>\n<\/div>\n\n\n\n<div class=\"wp-block-column is-layout-flow wp-block-column-is-layout-flow\">\n<figure class=\"wp-block-image aligncenter size-full is-resized\"><a href=\"https:\/\/coojubol.com.co\/index.php\/acta-de-asamblea-2023\/\"><img loading=\"lazy\" decoding=\"async\" width=\"898\" height=\"1024\" src=\"https:\/\/coojubol.com.co\/wp-content\/uploads\/2023\/06\/pdf.png\" alt=\"\" class=\"wp-image-127\" style=\"width:70px;height:80px\" srcset=\"https:\/\/coojubol.com.co\/wp-content\/uploads\/2023\/06\/pdf.png 898w, https:\/\/coojubol.com.co\/wp-content\/uploads\/2023\/06\/pdf-263x300.png 263w, https:\/\/coojubol.com.co\/wp-content\/uploads\/2023\/06\/pdf-768x876.png 768w\" sizes=\"(max-width: 898px) 100vw, 898px\" \/><\/a><\/figure>\n\n\n\n<p class=\"has-text-align-center has-small-font-size\">Acta Asamblea General de Asociados 2025<\/p>\n<\/div>\n\n\n\n<div class=\"wp-block-column is-layout-flow wp-block-column-is-layout-flow\">\n<figure class=\"wp-block-image aligncenter size-full is-resized\"><a href=\"https:\/\/coojubol.com.co\/index.php\/certificacion-antecedentes-judiciales-y-caducidad-de-contrato\/\"><img loading=\"lazy\" decoding=\"async\" width=\"898\" height=\"1024\" src=\"https:\/\/coojubol.com.co\/wp-content\/uploads\/2023\/06\/pdf.png\" alt=\"\" class=\"wp-image-127\" style=\"width:70px;height:80px\" srcset=\"https:\/\/coojubol.com.co\/wp-content\/uploads\/2023\/06\/pdf.png 898w, https:\/\/coojubol.com.co\/wp-content\/uploads\/2023\/06\/pdf-263x300.png 263w, https:\/\/coojubol.com.co\/wp-content\/uploads\/2023\/06\/pdf-768x876.png 768w\" sizes=\"(max-width: 898px) 100vw, 898px\" \/><\/a><\/figure>\n\n\n\n<p class=\"has-text-align-center has-small-font-size\">Certificaci\u00f3n antecedentes judiciales y caducidad de contrato 2024<\/p>\n<\/div>\n\n\n\n<div class=\"wp-block-column is-layout-flow wp-block-column-is-layout-flow\">\n<figure class=\"wp-block-image aligncenter size-full is-resized\"><a href=\"https:\/\/coojubol.com.co\/index.php\/certificacion-cargos-directivos-y-gerenciales-2022\/\"><img loading=\"lazy\" decoding=\"async\" width=\"898\" height=\"1024\" src=\"https:\/\/coojubol.com.co\/wp-content\/uploads\/2023\/06\/pdf-1.png\" alt=\"\" class=\"wp-image-129\" style=\"width:70px;height:80px\" srcset=\"https:\/\/coojubol.com.co\/wp-content\/uploads\/2023\/06\/pdf-1.png 898w, https:\/\/coojubol.com.co\/wp-content\/uploads\/2023\/06\/pdf-1-263x300.png 263w, https:\/\/coojubol.com.co\/wp-content\/uploads\/2023\/06\/pdf-1-768x876.png 768w\" sizes=\"(max-width: 898px) 100vw, 898px\" \/><\/a><\/figure>\n\n\n\n<p class=\"has-text-align-center has-small-font-size\">Certificaci\u00f3n cargos directivos y gerenciales 2024<\/p>\n<\/div>\n<\/div>\n\n\n\n<hr class=\"wp-block-separator has-alpha-channel-opacity\"\/>\n\n\n\n<p><\/p>\n\n\n\n<div class=\"wp-block-columns is-layout-flex wp-container-core-columns-is-layout-2 wp-block-columns-is-layout-flex\">\n<div class=\"wp-block-column is-layout-flow wp-block-column-is-layout-flow\">\n<figure class=\"wp-block-image aligncenter size-full is-resized\"><a href=\"https:\/\/coojubol.com.co\/index.php\/certificacion-cumplimiento-de-los-requisitos-2022\/\"><img loading=\"lazy\" decoding=\"async\" width=\"898\" height=\"1024\" src=\"https:\/\/coojubol.com.co\/wp-content\/uploads\/2023\/06\/pdf-1.png\" alt=\"\" class=\"wp-image-129\" style=\"width:70px;height:80px\" srcset=\"https:\/\/coojubol.com.co\/wp-content\/uploads\/2023\/06\/pdf-1.png 898w, https:\/\/coojubol.com.co\/wp-content\/uploads\/2023\/06\/pdf-1-263x300.png 263w, https:\/\/coojubol.com.co\/wp-content\/uploads\/2023\/06\/pdf-1-768x876.png 768w\" sizes=\"(max-width: 898px) 100vw, 898px\" \/><\/a><\/figure>\n\n\n\n<p class=\"has-text-align-center has-small-font-size\">Certificaci\u00f3n cumplimiento de los requisitos 2024<\/p>\n<\/div>\n\n\n\n<div class=\"wp-block-column is-layout-flow wp-block-column-is-layout-flow\">\n<figure class=\"wp-block-image aligncenter size-full is-resized\"><a href=\"https:\/\/coojubol.com.co\/index.php\/estados-financieros-coojubol-2022\/\"><img loading=\"lazy\" decoding=\"async\" width=\"898\" height=\"1024\" src=\"https:\/\/coojubol.com.co\/wp-content\/uploads\/2023\/06\/pdf-1.png\" alt=\"\" class=\"wp-image-129\" style=\"width:70px;height:80px\" srcset=\"https:\/\/coojubol.com.co\/wp-content\/uploads\/2023\/06\/pdf-1.png 898w, https:\/\/coojubol.com.co\/wp-content\/uploads\/2023\/06\/pdf-1-263x300.png 263w, https:\/\/coojubol.com.co\/wp-content\/uploads\/2023\/06\/pdf-1-768x876.png 768w\" sizes=\"(max-width: 898px) 100vw, 898px\" \/><\/a><\/figure>\n\n\n\n<p class=\"has-text-align-center has-small-font-size\">Estados financieros Coojubol 2024<\/p>\n<\/div>\n\n\n\n<div class=\"wp-block-column is-layout-flow wp-block-column-is-layout-flow\">\n<figure class=\"wp-block-image aligncenter size-full is-resized\"><a href=\"https:\/\/coojubol.com.co\/index.php\/formato-2530-informacion-fundadores\/\"><img loading=\"lazy\" decoding=\"async\" width=\"898\" height=\"1024\" src=\"https:\/\/coojubol.com.co\/wp-content\/uploads\/2023\/06\/pdf-1.png\" alt=\"\" class=\"wp-image-129\" style=\"width:70px;height:80px\" srcset=\"https:\/\/coojubol.com.co\/wp-content\/uploads\/2023\/06\/pdf-1.png 898w, https:\/\/coojubol.com.co\/wp-content\/uploads\/2023\/06\/pdf-1-263x300.png 263w, https:\/\/coojubol.com.co\/wp-content\/uploads\/2023\/06\/pdf-1-768x876.png 768w\" sizes=\"(max-width: 898px) 100vw, 898px\" \/><\/a><\/figure>\n\n\n\n<p class=\"has-text-align-center has-small-font-size\">Formato 2530 informaci\u00f3n fundadores<\/p>\n<\/div>\n\n\n\n<div class=\"wp-block-column is-layout-flow wp-block-column-is-layout-flow\">\n<figure class=\"wp-block-image aligncenter size-full is-resized\"><a href=\"https:\/\/coojubol.com.co\/index.php\/formato-2531-informacion-de-cargos-gerenciales-directivos-y-de-control\/\"><img loading=\"lazy\" decoding=\"async\" width=\"898\" height=\"1024\" src=\"https:\/\/coojubol.com.co\/wp-content\/uploads\/2023\/06\/pdf-1.png\" alt=\"\" class=\"wp-image-129\" style=\"width:70px;height:80px\" srcset=\"https:\/\/coojubol.com.co\/wp-content\/uploads\/2023\/06\/pdf-1.png 898w, https:\/\/coojubol.com.co\/wp-content\/uploads\/2023\/06\/pdf-1-263x300.png 263w, https:\/\/coojubol.com.co\/wp-content\/uploads\/2023\/06\/pdf-1-768x876.png 768w\" sizes=\"(max-width: 898px) 100vw, 898px\" \/><\/a><\/figure>\n\n\n\n<p class=\"has-text-align-center has-small-font-size\">Formato 2531 informaci\u00f3n de cargos gerenciales, directivos y de control<\/p>\n<\/div>\n<\/div>\n\n\n\n<hr class=\"wp-block-separator has-alpha-channel-opacity\"\/>\n\n\n\n<div class=\"wp-block-columns is-layout-flex wp-container-core-columns-is-layout-5 wp-block-columns-is-layout-flex\">\n<div class=\"wp-block-column is-layout-flow wp-block-column-is-layout-flow\">\n<div class=\"wp-block-columns is-layout-flex wp-container-core-columns-is-layout-3 wp-block-columns-is-layout-flex\">\n<div class=\"wp-block-column is-layout-flow wp-block-column-is-layout-flow\">\n<figure class=\"wp-block-image aligncenter size-full is-resized\"><a href=\"https:\/\/coojubol.com.co\/index.php\/informe-de-gestion-2022\/\"><img loading=\"lazy\" decoding=\"async\" width=\"898\" height=\"1024\" src=\"https:\/\/coojubol.com.co\/wp-content\/uploads\/2023\/06\/pdf-2.png\" alt=\"\" class=\"wp-image-134\" style=\"width:70px;height:80px\" srcset=\"https:\/\/coojubol.com.co\/wp-content\/uploads\/2023\/06\/pdf-2.png 898w, https:\/\/coojubol.com.co\/wp-content\/uploads\/2023\/06\/pdf-2-263x300.png 263w, https:\/\/coojubol.com.co\/wp-content\/uploads\/2023\/06\/pdf-2-768x876.png 768w\" sizes=\"(max-width: 898px) 100vw, 898px\" \/><\/a><\/figure>\n\n\n\n<p class=\"has-text-align-center\">Informe de Gerencia para Asamblea Ordinaria de Asociados 2025<\/p>\n<\/div>\n\n\n\n<div class=\"wp-block-column is-layout-flow wp-block-column-is-layout-flow\">\n<figure class=\"wp-block-image aligncenter size-full is-resized\"><a href=\"https:\/\/coojubol.com.co\/index.php\/solicitud-regimen-tributario-especial-presentado-por-coojubol-2023\/\"><img loading=\"lazy\" decoding=\"async\" width=\"898\" height=\"1024\" src=\"https:\/\/coojubol.com.co\/wp-content\/uploads\/2023\/06\/pdf-2.png\" alt=\"\" class=\"wp-image-134\" style=\"width:70px\" srcset=\"https:\/\/coojubol.com.co\/wp-content\/uploads\/2023\/06\/pdf-2.png 898w, https:\/\/coojubol.com.co\/wp-content\/uploads\/2023\/06\/pdf-2-263x300.png 263w, https:\/\/coojubol.com.co\/wp-content\/uploads\/2023\/06\/pdf-2-768x876.png 768w\" sizes=\"(max-width: 898px) 100vw, 898px\" \/><\/a><\/figure>\n\n\n\n<p class=\"has-text-align-center\">Solicitud regimen tributario especial presentado por Coojubol 2025<\/p>\n<\/div>\n<\/div>\n<\/div>\n\n\n\n<div class=\"wp-block-column is-layout-flow wp-block-column-is-layout-flow\">\n<div class=\"wp-block-columns is-layout-flex wp-container-core-columns-is-layout-4 wp-block-columns-is-layout-flex\">\n<div class=\"wp-block-column is-layout-flow wp-block-column-is-layout-flow\">\n<figure class=\"wp-block-image aligncenter size-full is-resized\"><a href=\"https:\/\/coojubol.com.co\/index.php\/certificado-de-existencia-y-representacion-legal-coojubol\/\" rel=\"https:\/\/coojubol.com.co\/index.php\/certificado-de-existencia-y-representacion-legal-coojubol\/\"><img loading=\"lazy\" decoding=\"async\" width=\"898\" height=\"1024\" src=\"https:\/\/coojubol.com.co\/wp-content\/uploads\/2023\/06\/pdf-2.png\" alt=\"\" class=\"wp-image-134\" style=\"width:70px\" srcset=\"https:\/\/coojubol.com.co\/wp-content\/uploads\/2023\/06\/pdf-2.png 898w, https:\/\/coojubol.com.co\/wp-content\/uploads\/2023\/06\/pdf-2-263x300.png 263w, https:\/\/coojubol.com.co\/wp-content\/uploads\/2023\/06\/pdf-2-768x876.png 768w\" sizes=\"(max-width: 898px) 100vw, 898px\" \/><\/a><\/figure>\n\n\n\n<p class=\"has-text-align-center\">Certificado de existencia y representaci\u00f3n legal Coojubol<\/p>\n<\/div>\n\n\n\n<div class=\"wp-block-column is-layout-flow wp-block-column-is-layout-flow\">\n<figure class=\"wp-block-image size-full\"><img loading=\"lazy\" decoding=\"async\" width=\"408\" height=\"416\" src=\"https:\/\/coojubol.com.co\/wp-content\/uploads\/2024\/06\/Imagen-3.png\" alt=\"\" class=\"wp-image-299\" srcset=\"https:\/\/coojubol.com.co\/wp-content\/uploads\/2024\/06\/Imagen-3.png 408w, https:\/\/coojubol.com.co\/wp-content\/uploads\/2024\/06\/Imagen-3-294x300.png 294w\" sizes=\"(max-width: 408px) 100vw, 408px\" \/><\/figure>\n<\/div>\n<\/div>\n<\/div>\n<\/div>\n","protected":false},"excerpt":{"rendered":"<p>Los siguientes documentos se pueden ver o descargar en formato pdf, y estan puesto para su revisi\u00f3n por parte de las autoridades gubernamentales como lo es la DIAN y tambi\u00e9n para los asociados o cooperados: Declaraci\u00f3n de renta 2024 Acta Asamblea General de Asociados 2025 Certificaci\u00f3n antecedentes judiciales y caducidad de contrato 2024 Certificaci\u00f3n cargos [&hellip;]<\/p>\n","protected":false},"author":1,"featured_media":0,"parent":0,"menu_order":0,"comment_status":"closed","ping_status":"closed","template":"","meta":{"footnotes":""},"_links":{"self":[{"href":"https:\/\/coojubol.com.co\/index.php\/wp-json\/wp\/v2\/pages\/63"}],"collection":[{"href":"https:\/\/coojubol.com.co\/index.php\/wp-json\/wp\/v2\/pages"}],"about":[{"href":"https:\/\/coojubol.com.co\/index.php\/wp-json\/wp\/v2\/types\/page"}],"author":[{"embeddable":true,"href":"https:\/\/coojubol.com.co\/index.php\/wp-json\/wp\/v2\/users\/1"}],"replies":[{"embeddable":true,"href":"https:\/\/coojubol.com.co\/index.php\/wp-json\/wp\/v2\/comments?post=63"}],"version-history":[{"count":30,"href":"https:\/\/coojubol.com.co\/index.php\/wp-json\/wp\/v2\/pages\/63\/revisions"}],"predecessor-version":[{"id":353,"href":"https:\/\/coojubol.com.co\/index.php\/wp-json\/wp\/v2\/pages\/63\/revisions\/353"}],"wp:attachment":[{"href":"https:\/\/coojubol.com.co\/index.php\/wp-json\/wp\/v2\/media?parent=63"}],"curies":[{"name":"wp","href":"https:\/\/api.w.org\/{rel}","templated":true}]}}